{"id":977,"date":"2015-09-30T15:11:56","date_gmt":"2015-09-30T14:11:56","guid":{"rendered":"http:\/\/www.supportededucation.eu\/?page_id=977"},"modified":"2016-02-18T14:12:09","modified_gmt":"2016-02-18T13:12:09","slug":"czech-version","status":"publish","type":"page","link":"https:\/\/www.supportededucation.eu\/?page_id=977","title":{"rendered":"Czech version"},"content":{"rendered":"<p>Click here for the\u00a0<a href=\"http:\/\/www.supportededucation.eu\/wp-content\/uploads\/2015\/09\/Czech-Supported-Education-toolkit.pdf\">Czech Supported Education toolkit<\/a> Manu\u00e1l (Toolkit) podporovan\u00e9ho vzd\u011bl\u00e1v\u00e1n\u00ed<br \/>\n<span style=\"color: #000000;\">More information about Ledovec, the Czech ImpulSE partner, <a title=\"Ledovec Czech\" href=\"http:\/\/www.supportededucation.eu\/?page_id=88\">click here<\/a>.<\/span><\/p>\n","protected":false},"excerpt":{"rendered":"<p>Click here for the\u00a0Czech Supported Education toolkit Manu\u00e1l (Toolkit) podporovan\u00e9ho vzd\u011bl\u00e1v\u00e1n\u00ed More information about Ledovec, the Czech ImpulSE partner, click here.<\/p>\n","protected":false},"author":4,"featured_media":0,"parent":0,"menu_order":0,"comment_status":"closed","ping_status":"open","template":"","meta":[],"_links":{"self":[{"href":"https:\/\/www.supportededucation.eu\/index.php?rest_route=\/wp\/v2\/pages\/977"}],"collection":[{"href":"https:\/\/www.supportededucation.eu\/index.php?rest_route=\/wp\/v2\/pages"}],"about":[{"href":"https:\/\/www.supportededucation.eu\/index.php?rest_route=\/wp\/v2\/types\/page"}],"author":[{"embeddable":true,"href":"https:\/\/www.supportededucation.eu\/index.php?rest_route=\/wp\/v2\/users\/4"}],"replies":[{"embeddable":true,"href":"https:\/\/www.supportededucation.eu\/index.php?rest_route=%2Fwp%2Fv2%2Fcomments&post=977"}],"version-history":[{"count":12,"href":"https:\/\/www.supportededucation.eu\/index.php?rest_route=\/wp\/v2\/pages\/977\/revisions"}],"predecessor-version":[{"id":1469,"href":"https:\/\/www.supportededucation.eu\/index.php?rest_route=\/wp\/v2\/pages\/977\/revisions\/1469"}],"wp:attachment":[{"href":"https:\/\/www.supportededucation.eu\/index.php?rest_route=%2Fwp%2Fv2%2Fmedia&parent=977"}],"curies":[{"name":"wp","href":"https:\/\/api.w.org\/{rel}","templated":true}]}}