{"id":88,"date":"2013-09-21T18:51:05","date_gmt":"2013-09-21T17:51:05","guid":{"rendered":"http:\/\/www.supportededucation.eu\/?page_id=88"},"modified":"2016-02-05T15:21:36","modified_gmt":"2016-02-05T14:21:36","slug":"ledovec-czech","status":"publish","type":"page","link":"https:\/\/www.supportededucation.eu\/?page_id=88","title":{"rendered":"Ledovec Czech"},"content":{"rendered":"<p>Click here for Czech <a title=\"Czech version\" href=\"http:\/\/www.supportededucation.eu\/?page_id=977\" target=\"_blank\">Supported Education Toolkit<\/a><\/p>\n<p>Ledovec (<a href=\"http:\/\/www.ledovec.cz\/\">www.ledovec.cz<\/a>)\u00a0is a non profit non governmental organization based in 2001. Since 2003 Ledovec focuses on psychosocial rehabilitation, counselling, sheltered living, supported employment and leisure and day activities for people with psychiatric problems in the region of Plzen. Ledovec is helping about one hundred of clients and having twenty fulltime workers, mostly therapists.<\/p>\n<p>Ledovec is the only institution that provides community based psychosocial services for people with mental illness in a region of about 500 thousand inhabitants. Ledovec is also the only non government organization in the country which systematically works toward implementation of Supported Education into the Czech educational and health system. Ledovec started its first supported education project in 2006 and since that it has spread it into three regions of our country. Ledovec runs Supported Education web site <a href=\"http:\/\/www.normalnestuduju.cz\/\" target=\"_blank\">www.normalnestuduju.cz<\/a> \u2013 \u201cI study normally\u201d), created Supported Education toolkit for students and teachers.<\/p>\n<p>Ledovec has established effective partnerships with the two regional mental health institutes in Plzen (Psychiatric Clinic in Plzen, Mental Hospital in Dobrany) and institutes\/foundations for psychosocial rehabilitation in Prague (Association of Community Based Services, Czech Association for Mental Health). In view of the theme and (ultimate) target group of this project, the cooperation between Ledovec and the University of West Bohemia is especially relevant.<\/p>\n<p>On SE projects Ledovec cooperates with institutions in other regions of Czech Republic such as Pr\u00e1h in Brno (\u201cTreshold\u201d, <a href=\"http:\/\/www.prah-brno.cz\/\" target=\"_blank\">www.prah-brno.cz<\/a>), P\u00e9\u010de o du\u0161evn\u00ed zdrav\u00ed in Pardubice (\u201cMental health Care\u201d, <a href=\"http:\/\/www.pdz.cz\/\" target=\"_blank\">www.pdz.cz<\/a>).<\/p>\n<p>It has supported dozens of students since 2006, gaining \u2018good practice\u2019. This support is based on three pillars:<\/p>\n<p>1)\u00a0\u00a0\u00a0 Prevention \u2013 lectures and seminars for students, teachers and specialists<\/p>\n<p>2)\u00a0\u00a0\u00a0 Support of students with psychiatric problems, their families and school environment<\/p>\n<p>3)\u00a0\u00a0\u00a0 Creation of \u201csupporting net\u201d that consist of professionals from medical, social and educational institutions that provides coordinated multidisciplinary support of student in need and helps destroy further barriers in Czech educational system.<\/p>\n<p>Ledovec will do the assessments in the Czech Republic, describe best practices and contribute to the development of the toolkit for Supported Education, as well as dissemination activities.<\/p>\n","protected":false},"excerpt":{"rendered":"<p>Click here for Czech Supported Education Toolkit Ledovec (www.ledovec.cz)\u00a0is a non profit non governmental organization based in 2001. Since 2003 Ledovec focuses on psychosocial rehabilitation, counselling, sheltered living, supported employment and leisure and day activities for people with psychiatric problems in the region of Plzen. Ledovec is helping about one hundred of clients and having [&hellip;]<\/p>\n","protected":false},"author":3,"featured_media":0,"parent":0,"menu_order":0,"comment_status":"closed","ping_status":"closed","template":"","meta":[],"_links":{"self":[{"href":"https:\/\/www.supportededucation.eu\/index.php?rest_route=\/wp\/v2\/pages\/88"}],"collection":[{"href":"https:\/\/www.supportededucation.eu\/index.php?rest_route=\/wp\/v2\/pages"}],"about":[{"href":"https:\/\/www.supportededucation.eu\/index.php?rest_route=\/wp\/v2\/types\/page"}],"author":[{"embeddable":true,"href":"https:\/\/www.supportededucation.eu\/index.php?rest_route=\/wp\/v2\/users\/3"}],"replies":[{"embeddable":true,"href":"https:\/\/www.supportededucation.eu\/index.php?rest_route=%2Fwp%2Fv2%2Fcomments&post=88"}],"version-history":[{"count":6,"href":"https:\/\/www.supportededucation.eu\/index.php?rest_route=\/wp\/v2\/pages\/88\/revisions"}],"predecessor-version":[{"id":1428,"href":"https:\/\/www.supportededucation.eu\/index.php?rest_route=\/wp\/v2\/pages\/88\/revisions\/1428"}],"wp:attachment":[{"href":"https:\/\/www.supportededucation.eu\/index.php?rest_route=%2Fwp%2Fv2%2Fmedia&parent=88"}],"curies":[{"name":"wp","href":"https:\/\/api.w.org\/{rel}","templated":true}]}}