{"id":62,"date":"2013-09-21T14:35:21","date_gmt":"2013-09-21T13:35:21","guid":{"rendered":"http:\/\/www.supportededucation.eu\/?page_id=62"},"modified":"2013-09-21T18:58:57","modified_gmt":"2013-09-21T17:58:57","slug":"aeips-portugal","status":"publish","type":"page","link":"https:\/\/www.supportededucation.eu\/?page_id=62","title":{"rendered":"AEIPS Portugal"},"content":{"rendered":"<p><strong><i>General<\/i><\/strong><\/p>\n<p><i><\/i>The Associa\u00e7\u00e3o para o Estudo e Integra\u00e7\u00e3o Psicossocial (AEIPS) is a private organization created in 1987 by a group of professionals, families and people with mental illness.<\/p>\n<p>AEIPS\u2019s mission is the promotion of recovery and social inclusion of people with a mental illness, by enhancing users\u2019 self-determination, choice and control over their own lives and providing support to facilitate people\u2019s access and social participation in community\u2019s natural contexts, in terms of housing, education and employment.<\/p>\n<p><strong><i>Program involved in the project<\/i><\/strong><\/p>\n<p>Personal and academic enrichment contains the capacity of transforming and empowering individuals. The increased level of knowledge equals to an increase in people\u2019s personal power and thus fosters the ability to better control the events of their life, and facilitate access to new and better job opportunities.<\/p>\n<p>The Education, training and employment program provides an array of support services in terms of choosing, getting and keeping educational, training and employment projects, fostering community liaisons and people\u2019s social inclusion.<\/p>\n<p>Through the Supported education program, people with mental illness have access to: regular schools and universities; information about educational opportunities and resources; educational projects according to individual preferences; support throughout the educational project and community connections.<\/p>\n<p>Supported Education Activities: Support to enroll in schools; individualized plans of study; regular meetings with teachers; Students\u2019 Group; monitored study; Educational Development.<\/p>\n<p>Expected Results: Educational and academic success; allow accessibility to integrated schools in the community; increased sense of empowerment and Community participation; personal development; acquisition of knowledge; ensure accessibility to education.<\/p>\n<p>The Supported Education Program maintains strong contacts with community educational contexts, involved in young and adult education, such as: schools, colleges, universities and training centers.<\/p>\n<p>There is also strong cooperation with ISPA \u2013 Higher Education Institution.<\/p>\n<p><strong><i>Previous activities in supported education<\/i><\/strong><\/p>\n<p>AEIPS established protocols with several New Opportunities and training Centres, as well as Secondary Schools and Universities, where AEIPS works in partnership as consultant and as a support at studying in Supported Education.<\/p>\n<p>In 2007 AEIPS organized a Supported Education Conference <i>\u201c Educa\u00e7\u00e3o Apoiada: Suportes educativos para jovens e adultos com doen\u00e7a mental no ensino b\u00e1sico, secund\u00e1rio e superior\u201d, <\/i>with the participation as keynote speakers of Steve Szivalgyi, Ex-Director of the Supported Education Community Action Group, School of Social Work, University of Michigan\u00a0 and Judith A. Cook<b>, <\/b>from the<b> <\/b>Centre on Mental Health Services Research and Policy, University of Illinois at Chicago.<\/p>\n<p><strong><i>Role in the project<\/i><\/strong><\/p>\n<p>AEIPS will:<\/p>\n<ul>\n<li>Perform assessments in Portugal<\/li>\n<li>Describe good practices from Portugal<\/li>\n<li>Co-develop the toolkit and manual<\/li>\n<li>Disseminate the outcomes in Portugal<\/li>\n<li>Recruit members for ENSED<\/li>\n<\/ul>\n<p>The operational and financial management of the project within the organisation will be conducted by AEIPS\u2019 Administrative and Financial Department.<\/p>\n","protected":false},"excerpt":{"rendered":"<p>General The Associa\u00e7\u00e3o para o Estudo e Integra\u00e7\u00e3o Psicossocial (AEIPS) is a private organization created in 1987 by a group of professionals, families and people with mental illness. AEIPS\u2019s mission is the promotion of recovery and social inclusion of people with a mental illness, by enhancing users\u2019 self-determination, choice and control over their own lives [&hellip;]<\/p>\n","protected":false},"author":3,"featured_media":0,"parent":0,"menu_order":4,"comment_status":"closed","ping_status":"closed","template":"","meta":[],"_links":{"self":[{"href":"https:\/\/www.supportededucation.eu\/index.php?rest_route=\/wp\/v2\/pages\/62"}],"collection":[{"href":"https:\/\/www.supportededucation.eu\/index.php?rest_route=\/wp\/v2\/pages"}],"about":[{"href":"https:\/\/www.supportededucation.eu\/index.php?rest_route=\/wp\/v2\/types\/page"}],"author":[{"embeddable":true,"href":"https:\/\/www.supportededucation.eu\/index.php?rest_route=\/wp\/v2\/users\/3"}],"replies":[{"embeddable":true,"href":"https:\/\/www.supportededucation.eu\/index.php?rest_route=%2Fwp%2Fv2%2Fcomments&post=62"}],"version-history":[{"count":3,"href":"https:\/\/www.supportededucation.eu\/index.php?rest_route=\/wp\/v2\/pages\/62\/revisions"}],"predecessor-version":[{"id":95,"href":"https:\/\/www.supportededucation.eu\/index.php?rest_route=\/wp\/v2\/pages\/62\/revisions\/95"}],"wp:attachment":[{"href":"https:\/\/www.supportededucation.eu\/index.php?rest_route=%2Fwp%2Fv2%2Fmedia&parent=62"}],"curies":[{"name":"wp","href":"https:\/\/api.w.org\/{rel}","templated":true}]}}